{"id":1881,"date":"2024-05-15T23:49:06","date_gmt":"2024-05-16T02:49:06","guid":{"rendered":"https:\/\/oskargroup.net\/curso\/?page_id=1881"},"modified":"2025-09-05T16:10:29","modified_gmt":"2025-09-05T19:10:29","slug":"blog","status":"publish","type":"page","link":"https:\/\/oskargroup.net\/curso\/blog\/","title":{"rendered":"blog"},"content":{"rendered":"\t\t<div data-elementor-type=\"wp-page\" data-elementor-id=\"1881\" class=\"elementor elementor-1881\" data-elementor-post-type=\"page\">\n\t\t\t\t<div class=\"elementor-element elementor-element-e5c95ac e-con-full e-flex e-con e-parent\" data-id=\"e5c95ac\" data-element_type=\"container\" data-settings=\"{&quot;background_background&quot;:&quot;classic&quot;,&quot;animation&quot;:&quot;none&quot;}\">\n\t\t<div class=\"elementor-element elementor-element-0d9299f e-con-full e-flex e-con e-child\" data-id=\"0d9299f\" data-element_type=\"container\">\n\t\t\t\t<div class=\"elementor-element elementor-element-ffb0582 elementor-widget elementor-widget-heading\" data-id=\"ffb0582\" data-element_type=\"widget\" data-widget_type=\"heading.default\">\n\t\t\t\t<div class=\"elementor-widget-container\">\n\t\t\t<style>\/*! elementor - v3.21.0 - 08-05-2024 *\/\n.elementor-heading-title{padding:0;margin:0;line-height:1}.elementor-widget-heading .elementor-heading-title[class*=elementor-size-]>a{color:inherit;font-size:inherit;line-height:inherit}.elementor-widget-heading .elementor-heading-title.elementor-size-small{font-size:15px}.elementor-widget-heading .elementor-heading-title.elementor-size-medium{font-size:19px}.elementor-widget-heading .elementor-heading-title.elementor-size-large{font-size:29px}.elementor-widget-heading .elementor-heading-title.elementor-size-xl{font-size:39px}.elementor-widget-heading .elementor-heading-title.elementor-size-xxl{font-size:59px}<\/style><h2 class=\"elementor-heading-title elementor-size-default\">OFERTA LIMITADA, GARANTA SUA VAGA HOJE AO NOSSO TREINAMENTO!<\/h2>\t\t<\/div>\n\t\t\t\t<\/div>\n\t\t\t\t<\/div>\n\t\t\t\t<\/div>\n\t\t<div class=\"elementor-element elementor-element-ce7ed76 e-flex e-con-boxed e-con e-parent\" data-id=\"ce7ed76\" data-element_type=\"container\">\n\t\t\t\t\t<div class=\"e-con-inner\">\n\t\t\t\t<div class=\"elementor-element elementor-element-f2b5210 elementor-nav-menu__align-center elementor-nav-menu--dropdown-none elementor-widget elementor-widget-nav-menu\" data-id=\"f2b5210\" data-element_type=\"widget\" data-settings=\"{&quot;layout&quot;:&quot;horizontal&quot;,&quot;submenu_icon&quot;:{&quot;value&quot;:&quot;&lt;svg class=\\&quot;e-font-icon-svg e-fas-caret-down\\&quot; viewBox=\\&quot;0 0 320 512\\&quot; xmlns=\\&quot;http:\\\/\\\/www.w3.org\\\/2000\\\/svg\\&quot;&gt;&lt;path d=\\&quot;M31.3 192h257.3c17.8 0 26.7 21.5 14.1 34.1L174.1 354.8c-7.8 7.8-20.5 7.8-28.3 0L17.2 226.1C4.6 213.5 13.5 192 31.3 192z\\&quot;&gt;&lt;\\\/path&gt;&lt;\\\/svg&gt;&quot;,&quot;library&quot;:&quot;fa-solid&quot;}}\" data-widget_type=\"nav-menu.default\">\n\t\t\t\t<div class=\"elementor-widget-container\">\n\t\t\t<link rel=\"stylesheet\" href=\"https:\/\/oskargroup.net\/curso\/wp-content\/plugins\/elementor-pro\/assets\/css\/widget-nav-menu.min.css\">\t\t\t<nav class=\"elementor-nav-menu--main elementor-nav-menu__container elementor-nav-menu--layout-horizontal e--pointer-underline e--animation-fade\">\n\t\t\t\t<ul id=\"menu-1-f2b5210\" class=\"elementor-nav-menu\"><li class=\"menu-item menu-item-type-post_type menu-item-object-page menu-item-home menu-item-2515\"><a href=\"https:\/\/oskargroup.net\/curso\/\" class=\"elementor-item\">Treinamento Magia Visual<\/a><\/li>\n<li class=\"menu-item menu-item-type-custom menu-item-object-custom menu-item-2698\"><a href=\"https:\/\/pack.oskargroup.net\/\" class=\"elementor-item\">Pack Creator 2.0<\/a><\/li>\n<li class=\"menu-item menu-item-type-post_type menu-item-object-page menu-item-2513\"><a href=\"https:\/\/oskargroup.net\/curso\/blog\/\" class=\"elementor-item\">Blog<\/a><\/li>\n<li class=\"menu-item menu-item-type-custom menu-item-object-custom menu-item-2567\"><a href=\"https:\/\/members.oskargroup.net\/\" class=\"elementor-item\">\u00c1rea do aluno<\/a><\/li>\n<\/ul>\t\t\t<\/nav>\n\t\t\t\t\t\t<nav class=\"elementor-nav-menu--dropdown elementor-nav-menu__container\" aria-hidden=\"true\">\n\t\t\t\t<ul id=\"menu-2-f2b5210\" class=\"elementor-nav-menu\"><li class=\"menu-item menu-item-type-post_type menu-item-object-page menu-item-home menu-item-2515\"><a href=\"https:\/\/oskargroup.net\/curso\/\" class=\"elementor-item\" tabindex=\"-1\">Treinamento Magia Visual<\/a><\/li>\n<li class=\"menu-item menu-item-type-custom menu-item-object-custom menu-item-2698\"><a href=\"https:\/\/pack.oskargroup.net\/\" class=\"elementor-item\" tabindex=\"-1\">Pack Creator 2.0<\/a><\/li>\n<li class=\"menu-item menu-item-type-post_type menu-item-object-page menu-item-2513\"><a href=\"https:\/\/oskargroup.net\/curso\/blog\/\" class=\"elementor-item\" tabindex=\"-1\">Blog<\/a><\/li>\n<li class=\"menu-item menu-item-type-custom menu-item-object-custom menu-item-2567\"><a href=\"https:\/\/members.oskargroup.net\/\" class=\"elementor-item\" tabindex=\"-1\">\u00c1rea do aluno<\/a><\/li>\n<\/ul>\t\t\t<\/nav>\n\t\t\t\t<\/div>\n\t\t\t\t<\/div>\n\t\t\t\t\t<\/div>\n\t\t\t\t<\/div>\n\t\t<div class=\"elementor-element elementor-element-e97eb1c e-flex e-con-boxed e-con e-parent\" data-id=\"e97eb1c\" data-element_type=\"container\">\n\t\t\t\t\t<div class=\"e-con-inner\">\n\t\t\t\t<div class=\"elementor-element elementor-element-26c6df3 elementor-grid-eael-col-4 elementor-grid-tablet-eael-col-2 elementor-grid-mobile-eael-col-1 elementor-widget elementor-widget-eael-post-grid\" data-id=\"26c6df3\" data-element_type=\"widget\" data-settings=\"{&quot;eael_post_grid_columns&quot;:&quot;eael-col-4&quot;,&quot;eael_post_grid_columns_tablet&quot;:&quot;eael-col-2&quot;,&quot;eael_post_grid_columns_mobile&quot;:&quot;eael-col-1&quot;}\" data-widget_type=\"eael-post-grid.default\">\n\t\t\t\t<div class=\"elementor-widget-container\">\n\t\t\t<div id=\"eael-post-grid-26c6df3\" class=\"eael-post-grid-container\">\n            <div class=\"eael-post-grid eael-post-appender eael-post-appender-26c6df3 eael-post-grid-style-default\" data-layout-mode=\"masonry\"><article class=\"eael-grid-post eael-post-grid-column\" data-id=\"2651\">\n        <div class=\"eael-grid-post-holder\">\n            <div class=\"eael-grid-post-holder-inner\"><div class=\"eael-entry-media\"><div class=\"eael-entry-overlay fade-in\"><i class=\"fas fa-long-arrow-alt-right\" aria-hidden=\"true\"><\/i><a href=\"https:\/\/oskargroup.net\/curso\/design-grafico-como-iniciar-sua-carreira-com-sucesso\/\"><\/a><\/div><div class=\"eael-entry-thumbnail \">\n                <img fetchpriority=\"high\" decoding=\"async\" width=\"300\" height=\"168\" src=\"https:\/\/oskargroup.net\/curso\/wp-content\/uploads\/2025\/08\/image_WJ7A7381CR-300x168.png\" class=\"attachment-medium size-medium wp-image-2652\" alt=\"\" srcset=\"https:\/\/oskargroup.net\/curso\/wp-content\/uploads\/2025\/08\/image_WJ7A7381CR-300x168.png 300w, https:\/\/oskargroup.net\/curso\/wp-content\/uploads\/2025\/08\/image_WJ7A7381CR-1024x574.png 1024w, https:\/\/oskargroup.net\/curso\/wp-content\/uploads\/2025\/08\/image_WJ7A7381CR-768x430.png 768w, https:\/\/oskargroup.net\/curso\/wp-content\/uploads\/2025\/08\/image_WJ7A7381CR.png 1280w\" sizes=\"(max-width: 300px) 100vw, 300px\" \/>\n            <\/div>\n        <\/div><div class=\"eael-entry-wrapper\"><header class=\"eael-entry-header\"><h2 class=\"eael-entry-title\"><a\n                        class=\"eael-grid-post-link\"\n                        href=\"https:\/\/oskargroup.net\/curso\/design-grafico-como-iniciar-sua-carreira-com-sucesso\/\"\n                        title=\"Design Gr\u00e1fico: Como Iniciar sua Carreira com Sucesso\">Design Gr\u00e1fico: Como Iniciar sua Carreira com Sucesso<\/a><\/h2><\/header><div class=\"eael-entry-content\">\n                        <div class=\"eael-grid-post-excerpt\"><p>O design gr\u00e1fico \u00e9 uma forma de arte que combina...<\/p><a\n                            href=\"https:\/\/oskargroup.net\/curso\/design-grafico-como-iniciar-sua-carreira-com-sucesso\/\"\n                            class=\"eael-post-elements-readmore-btn\">Leia mais<\/a><\/div>\n                    <\/div><div class=\"eael-entry-footer\"><div class=\"eael-author-avatar\"><a href=\"https:\/\/oskargroup.net\/curso\/author\/gatuinho\/\"><img alt='gatuinho' src='https:\/\/oskargroup.net\/curso\/wp-content\/uploads\/2025\/09\/Screenshot_15-300x285.png' srcset='https:\/\/oskargroup.net\/curso\/wp-content\/uploads\/2025\/09\/Screenshot_15-300x285.png 300w, https:\/\/oskargroup.net\/curso\/wp-content\/uploads\/2025\/09\/Screenshot_15.png 626w' class='avatar avatar-96 photo' height='96' width='96' \/><\/a><\/div><div class=\"eael-entry-meta\"><span class=\"eael-posted-by\"><a href=\"https:\/\/oskargroup.net\/curso\/author\/gatuinho\/\" title=\"Posts de gatuinho\" rel=\"author\">gatuinho<\/a><\/span><span class=\"eael-posted-on\"><time datetime=\"24 de agosto de 2025\">24 de agosto de 2025<\/time><\/span><\/div><\/div><\/div><\/div>\n        <\/div>\n    <\/article><article class=\"eael-grid-post eael-post-grid-column\" data-id=\"2648\">\n        <div class=\"eael-grid-post-holder\">\n            <div class=\"eael-grid-post-holder-inner\"><div class=\"eael-entry-wrapper\"><header class=\"eael-entry-header\"><h2 class=\"eael-entry-title\"><a\n                        class=\"eael-grid-post-link\"\n                        href=\"https:\/\/oskargroup.net\/curso\/post-automatico-09-06-2025-5\/\"\n                        title=\"Post autom\u00e1tico &#8211; 09\/06\/2025\">Post autom\u00e1tico &#8211; 09\/06\/2025<\/a><\/h2><\/header><div class=\"eael-entry-content\">\n                        <div class=\"eael-grid-post-excerpt\"><p>Erro ao gerar conte\u00fado: cURL error 28: Operation timed out...<\/p><a\n                            href=\"https:\/\/oskargroup.net\/curso\/post-automatico-09-06-2025-5\/\"\n                            class=\"eael-post-elements-readmore-btn\">Leia mais<\/a><\/div>\n                    <\/div><div class=\"eael-entry-footer\"><div class=\"eael-author-avatar\"><a href=\"https:\/\/oskargroup.net\/curso\/author\/gatuinho\/\"><img alt='gatuinho' src='https:\/\/oskargroup.net\/curso\/wp-content\/uploads\/2025\/09\/Screenshot_15-300x285.png' srcset='https:\/\/oskargroup.net\/curso\/wp-content\/uploads\/2025\/09\/Screenshot_15-300x285.png 300w, https:\/\/oskargroup.net\/curso\/wp-content\/uploads\/2025\/09\/Screenshot_15.png 626w' class='avatar avatar-96 photo' height='96' width='96' \/><\/a><\/div><div class=\"eael-entry-meta\"><span class=\"eael-posted-by\"><a href=\"https:\/\/oskargroup.net\/curso\/author\/gatuinho\/\" title=\"Posts de gatuinho\" rel=\"author\">gatuinho<\/a><\/span><span class=\"eael-posted-on\"><time datetime=\"9 de junho de 2025\">9 de junho de 2025<\/time><\/span><\/div><\/div><\/div><\/div>\n        <\/div>\n    <\/article><article class=\"eael-grid-post eael-post-grid-column\" data-id=\"2646\">\n        <div class=\"eael-grid-post-holder\">\n            <div class=\"eael-grid-post-holder-inner\"><div class=\"eael-entry-wrapper\"><header class=\"eael-entry-header\"><h2 class=\"eael-entry-title\"><a\n                        class=\"eael-grid-post-link\"\n                        href=\"https:\/\/oskargroup.net\/curso\/post-automatico-09-06-2025-4\/\"\n                        title=\"Post autom\u00e1tico &#8211; 09\/06\/2025\">Post autom\u00e1tico &#8211; 09\/06\/2025<\/a><\/h2><\/header><div class=\"eael-entry-content\">\n                        <div class=\"eael-grid-post-excerpt\"><p>Resposta vazia ou bloqueada pela API.<\/p><a\n                            href=\"https:\/\/oskargroup.net\/curso\/post-automatico-09-06-2025-4\/\"\n                            class=\"eael-post-elements-readmore-btn\">Leia mais<\/a><\/div>\n                    <\/div><div class=\"eael-entry-footer\"><div class=\"eael-author-avatar\"><a href=\"https:\/\/oskargroup.net\/curso\/author\/gatuinho\/\"><img alt='gatuinho' src='https:\/\/oskargroup.net\/curso\/wp-content\/uploads\/2025\/09\/Screenshot_15-300x285.png' srcset='https:\/\/oskargroup.net\/curso\/wp-content\/uploads\/2025\/09\/Screenshot_15-300x285.png 300w, https:\/\/oskargroup.net\/curso\/wp-content\/uploads\/2025\/09\/Screenshot_15.png 626w' class='avatar avatar-96 photo' height='96' width='96' \/><\/a><\/div><div class=\"eael-entry-meta\"><span class=\"eael-posted-by\"><a href=\"https:\/\/oskargroup.net\/curso\/author\/gatuinho\/\" title=\"Posts de gatuinho\" rel=\"author\">gatuinho<\/a><\/span><span class=\"eael-posted-on\"><time datetime=\"9 de junho de 2025\">9 de junho de 2025<\/time><\/span><\/div><\/div><\/div><\/div>\n        <\/div>\n    <\/article><article class=\"eael-grid-post eael-post-grid-column\" data-id=\"2645\">\n        <div class=\"eael-grid-post-holder\">\n            <div class=\"eael-grid-post-holder-inner\"><div class=\"eael-entry-wrapper\"><header class=\"eael-entry-header\"><h2 class=\"eael-entry-title\"><a\n                        class=\"eael-grid-post-link\"\n                        href=\"https:\/\/oskargroup.net\/curso\/post-automatico-09-06-2025-3\/\"\n                        title=\"Post autom\u00e1tico &#8211; 09\/06\/2025\">Post autom\u00e1tico &#8211; 09\/06\/2025<\/a><\/h2><\/header><div class=\"eael-entry-content\">\n                        <div class=\"eael-grid-post-excerpt\"><p>Resposta vazia ou bloqueada pela API.<\/p><a\n                            href=\"https:\/\/oskargroup.net\/curso\/post-automatico-09-06-2025-3\/\"\n                            class=\"eael-post-elements-readmore-btn\">Leia mais<\/a><\/div>\n                    <\/div><div class=\"eael-entry-footer\"><div class=\"eael-author-avatar\"><a href=\"https:\/\/oskargroup.net\/curso\/author\/gatuinho\/\"><img alt='gatuinho' src='https:\/\/oskargroup.net\/curso\/wp-content\/uploads\/2025\/09\/Screenshot_15-300x285.png' srcset='https:\/\/oskargroup.net\/curso\/wp-content\/uploads\/2025\/09\/Screenshot_15-300x285.png 300w, https:\/\/oskargroup.net\/curso\/wp-content\/uploads\/2025\/09\/Screenshot_15.png 626w' class='avatar avatar-96 photo' height='96' width='96' \/><\/a><\/div><div class=\"eael-entry-meta\"><span class=\"eael-posted-by\"><a href=\"https:\/\/oskargroup.net\/curso\/author\/gatuinho\/\" title=\"Posts de gatuinho\" rel=\"author\">gatuinho<\/a><\/span><span class=\"eael-posted-on\"><time datetime=\"9 de junho de 2025\">9 de junho de 2025<\/time><\/span><\/div><\/div><\/div><\/div>\n        <\/div>\n    <\/article><\/div>\n            <div class=\"clearfix\"><\/div>\n        <\/div>            <div class=\"eael-load-more-button-wrap\">\n                <button class=\"eael-load-more-button\" id=\"eael-load-more-btn-26c6df3\" data-widget-id=\"26c6df3\" data-widget=\"26c6df3\" data-page-id=\"1881\" data-template=\"{&quot;dir&quot;:&quot;lite&quot;,&quot;file_name&quot;:&quot;default.php&quot;,&quot;name&quot;:&quot;Post-Grid&quot;}\" data-class=\"Essential_Addons_Elementor\\Elements\\Post_Grid\" data-layout=\"masonry\" data-page=\"1\" data-args=\"orderby=date&amp;order=desc&amp;ignore_sticky_posts=1&amp;post_status=publish&amp;posts_per_page=4&amp;offset=0&amp;post_type=post\" data-max-page=\"9\">\n                    <span class=\"eael-btn-loader button__loader\"><\/span>\n                    <span class=\"eael_load_more_text\">Carregar mais<\/span>\n                <\/button>\n            <\/div>\n            \t\t<\/div>\n\t\t\t\t<\/div>\n\t\t\t\t\t<\/div>\n\t\t\t\t<\/div>\n\t\t\t\t<\/div>\n\t\t","protected":false},"excerpt":{"rendered":"<p>OFERTA LIMITADA, GARANTA SUA VAGA HOJE AO NOSSO TREINAMENTO! Design Gr\u00e1fico: Como Iniciar sua Carreira com Sucesso O design gr\u00e1fico \u00e9 uma forma de arte que combina&#8230; Leia mais gatuinho24 de agosto de 2025 Post autom\u00e1tico &#8211; 09\/06\/2025 Erro ao gerar conte\u00fado: cURL error 28: Operation timed out&#8230; Leia mais gatuinho9 de junho de 2025 [&hellip;]<\/p>\n","protected":false},"author":1,"featured_media":0,"parent":0,"menu_order":0,"comment_status":"closed","ping_status":"closed","template":"","meta":{"footnotes":""},"class_list":["post-1881","page","type-page","status-publish","hentry"],"yoast_head":"<!-- This site is optimized with the Yoast SEO plugin v22.7 - https:\/\/yoast.com\/wordpress\/plugins\/seo\/ -->\n<title>blog &#187; Oskar Academy - Treinamento Magia Visual - 10k<\/title>\n<meta name=\"description\" content=\"Curso Especialista em Motion Design - Torne-se um ESPECIALISTA em DESIGN e MOTION DESIGN!Com este treinamento, voc\u00ea aprender\u00e1 as habilidades necess\u00e1rias para criar anima\u00e7\u00f5es impressionantes e se tornar um especialista em motion design, RECEBENDO MAIS DE10.000R$ POR M\u00caS!\" \/>\n<meta name=\"robots\" content=\"index, follow, max-snippet:-1, max-image-preview:large, max-video-preview:-1\" \/>\n<link rel=\"canonical\" href=\"https:\/\/oskargroup.net\/curso\/blog\/\" \/>\n<meta property=\"og:locale\" content=\"pt_BR\" \/>\n<meta property=\"og:type\" content=\"article\" \/>\n<meta property=\"og:title\" content=\"blog &#187; Oskar Academy - Treinamento Magia Visual - 10k\" \/>\n<meta property=\"og:description\" content=\"Curso Especialista em Motion Design - Torne-se um ESPECIALISTA em DESIGN e MOTION DESIGN!Com este treinamento, voc\u00ea aprender\u00e1 as habilidades necess\u00e1rias para criar anima\u00e7\u00f5es impressionantes e se tornar um especialista em motion design, RECEBENDO MAIS DE10.000R$ POR M\u00caS!\" \/>\n<meta property=\"og:url\" content=\"https:\/\/oskargroup.net\/curso\/blog\/\" \/>\n<meta property=\"og:site_name\" content=\"Oskar Academy - Treinamento Magia Visual - 10k\" \/>\n<meta property=\"article:modified_time\" content=\"2025-09-05T19:10:29+00:00\" \/>\n<meta property=\"og:image\" content=\"https:\/\/oskargroup.net\/curso\/wp-content\/uploads\/2025\/08\/image_WJ7A7381CR-300x168.png\" \/>\n<meta name=\"twitter:card\" content=\"summary_large_image\" \/>\n<meta name=\"twitter:label1\" content=\"Est. tempo de leitura\" \/>\n\t<meta name=\"twitter:data1\" content=\"2 minutos\" \/>\n<script type=\"application\/ld+json\" class=\"yoast-schema-graph\">{\"@context\":\"https:\/\/schema.org\",\"@graph\":[{\"@type\":\"WebPage\",\"@id\":\"https:\/\/oskargroup.net\/curso\/blog\/\",\"url\":\"https:\/\/oskargroup.net\/curso\/blog\/\",\"name\":\"blog &#187; Oskar Academy - Treinamento Magia Visual - 10k\",\"isPartOf\":{\"@id\":\"https:\/\/oskargroup.net\/curso\/#website\"},\"primaryImageOfPage\":{\"@id\":\"https:\/\/oskargroup.net\/curso\/blog\/#primaryimage\"},\"image\":{\"@id\":\"https:\/\/oskargroup.net\/curso\/blog\/#primaryimage\"},\"thumbnailUrl\":\"https:\/\/oskargroup.net\/curso\/wp-content\/uploads\/2025\/08\/image_WJ7A7381CR-300x168.png\",\"datePublished\":\"2024-05-16T02:49:06+00:00\",\"dateModified\":\"2025-09-05T19:10:29+00:00\",\"description\":\"Curso Especialista em Motion Design - Torne-se um ESPECIALISTA em DESIGN e MOTION DESIGN!Com este treinamento, voc\u00ea aprender\u00e1 as habilidades necess\u00e1rias para criar anima\u00e7\u00f5es impressionantes e se tornar um especialista em motion design, RECEBENDO MAIS DE10.000R$ POR M\u00caS!\",\"breadcrumb\":{\"@id\":\"https:\/\/oskargroup.net\/curso\/blog\/#breadcrumb\"},\"inLanguage\":\"pt-BR\",\"potentialAction\":[{\"@type\":\"ReadAction\",\"target\":[\"https:\/\/oskargroup.net\/curso\/blog\/\"]}]},{\"@type\":\"ImageObject\",\"inLanguage\":\"pt-BR\",\"@id\":\"https:\/\/oskargroup.net\/curso\/blog\/#primaryimage\",\"url\":\"https:\/\/oskargroup.net\/curso\/wp-content\/uploads\/2025\/08\/image_WJ7A7381CR.png\",\"contentUrl\":\"https:\/\/oskargroup.net\/curso\/wp-content\/uploads\/2025\/08\/image_WJ7A7381CR.png\",\"width\":1280,\"height\":717},{\"@type\":\"BreadcrumbList\",\"@id\":\"https:\/\/oskargroup.net\/curso\/blog\/#breadcrumb\",\"itemListElement\":[{\"@type\":\"ListItem\",\"position\":1,\"name\":\"In\u00edcio\",\"item\":\"https:\/\/oskargroup.net\/curso\/\"},{\"@type\":\"ListItem\",\"position\":2,\"name\":\"blog\"}]},{\"@type\":\"WebSite\",\"@id\":\"https:\/\/oskargroup.net\/curso\/#website\",\"url\":\"https:\/\/oskargroup.net\/curso\/\",\"name\":\"Oskar Academy - Treinamento Magia Visual - 10k\",\"description\":\"Treinamento de design e motion design, a virada de chave na sua vida!\",\"publisher\":{\"@id\":\"https:\/\/oskargroup.net\/curso\/#\/schema\/person\/b0ce3cc42b8df13e39f77bbe7c901b2c\"},\"potentialAction\":[{\"@type\":\"SearchAction\",\"target\":{\"@type\":\"EntryPoint\",\"urlTemplate\":\"https:\/\/oskargroup.net\/curso\/?s={search_term_string}\"},\"query-input\":\"required name=search_term_string\"}],\"inLanguage\":\"pt-BR\"},{\"@type\":[\"Person\",\"Organization\"],\"@id\":\"https:\/\/oskargroup.net\/curso\/#\/schema\/person\/b0ce3cc42b8df13e39f77bbe7c901b2c\",\"name\":\"gatuinho\",\"image\":{\"@type\":\"ImageObject\",\"inLanguage\":\"pt-BR\",\"@id\":\"https:\/\/oskargroup.net\/curso\/#\/schema\/person\/image\/\",\"url\":\"https:\/\/oskargroup.net\/curso\/wp-content\/uploads\/2023\/12\/Logo-Oskar-2.png\",\"contentUrl\":\"https:\/\/oskargroup.net\/curso\/wp-content\/uploads\/2023\/12\/Logo-Oskar-2.png\",\"width\":2048,\"height\":2048,\"caption\":\"gatuinho\"},\"logo\":{\"@id\":\"https:\/\/oskargroup.net\/curso\/#\/schema\/person\/image\/\"},\"sameAs\":[\"https:\/\/oskargroup.net\/curso\"]}]}<\/script>\n<!-- \/ Yoast SEO plugin. -->","yoast_head_json":{"title":"blog &#187; Oskar Academy - Treinamento Magia Visual - 10k","description":"Curso Especialista em Motion Design - Torne-se um ESPECIALISTA em DESIGN e MOTION DESIGN!Com este treinamento, voc\u00ea aprender\u00e1 as habilidades necess\u00e1rias para criar anima\u00e7\u00f5es impressionantes e se tornar um especialista em motion design, RECEBENDO MAIS DE10.000R$ POR M\u00caS!","robots":{"index":"index","follow":"follow","max-snippet":"max-snippet:-1","max-image-preview":"max-image-preview:large","max-video-preview":"max-video-preview:-1"},"canonical":"https:\/\/oskargroup.net\/curso\/blog\/","og_locale":"pt_BR","og_type":"article","og_title":"blog &#187; Oskar Academy - Treinamento Magia Visual - 10k","og_description":"Curso Especialista em Motion Design - Torne-se um ESPECIALISTA em DESIGN e MOTION DESIGN!Com este treinamento, voc\u00ea aprender\u00e1 as habilidades necess\u00e1rias para criar anima\u00e7\u00f5es impressionantes e se tornar um especialista em motion design, RECEBENDO MAIS DE10.000R$ POR M\u00caS!","og_url":"https:\/\/oskargroup.net\/curso\/blog\/","og_site_name":"Oskar Academy - Treinamento Magia Visual - 10k","article_modified_time":"2025-09-05T19:10:29+00:00","og_image":[{"url":"https:\/\/oskargroup.net\/curso\/wp-content\/uploads\/2025\/08\/image_WJ7A7381CR-300x168.png"}],"twitter_card":"summary_large_image","twitter_misc":{"Est. tempo de leitura":"2 minutos"},"schema":{"@context":"https:\/\/schema.org","@graph":[{"@type":"WebPage","@id":"https:\/\/oskargroup.net\/curso\/blog\/","url":"https:\/\/oskargroup.net\/curso\/blog\/","name":"blog &#187; Oskar Academy - Treinamento Magia Visual - 10k","isPartOf":{"@id":"https:\/\/oskargroup.net\/curso\/#website"},"primaryImageOfPage":{"@id":"https:\/\/oskargroup.net\/curso\/blog\/#primaryimage"},"image":{"@id":"https:\/\/oskargroup.net\/curso\/blog\/#primaryimage"},"thumbnailUrl":"https:\/\/oskargroup.net\/curso\/wp-content\/uploads\/2025\/08\/image_WJ7A7381CR-300x168.png","datePublished":"2024-05-16T02:49:06+00:00","dateModified":"2025-09-05T19:10:29+00:00","description":"Curso Especialista em Motion Design - Torne-se um ESPECIALISTA em DESIGN e MOTION DESIGN!Com este treinamento, voc\u00ea aprender\u00e1 as habilidades necess\u00e1rias para criar anima\u00e7\u00f5es impressionantes e se tornar um especialista em motion design, RECEBENDO MAIS DE10.000R$ POR M\u00caS!","breadcrumb":{"@id":"https:\/\/oskargroup.net\/curso\/blog\/#breadcrumb"},"inLanguage":"pt-BR","potentialAction":[{"@type":"ReadAction","target":["https:\/\/oskargroup.net\/curso\/blog\/"]}]},{"@type":"ImageObject","inLanguage":"pt-BR","@id":"https:\/\/oskargroup.net\/curso\/blog\/#primaryimage","url":"https:\/\/oskargroup.net\/curso\/wp-content\/uploads\/2025\/08\/image_WJ7A7381CR.png","contentUrl":"https:\/\/oskargroup.net\/curso\/wp-content\/uploads\/2025\/08\/image_WJ7A7381CR.png","width":1280,"height":717},{"@type":"BreadcrumbList","@id":"https:\/\/oskargroup.net\/curso\/blog\/#breadcrumb","itemListElement":[{"@type":"ListItem","position":1,"name":"In\u00edcio","item":"https:\/\/oskargroup.net\/curso\/"},{"@type":"ListItem","position":2,"name":"blog"}]},{"@type":"WebSite","@id":"https:\/\/oskargroup.net\/curso\/#website","url":"https:\/\/oskargroup.net\/curso\/","name":"Oskar Academy - Treinamento Magia Visual - 10k","description":"Treinamento de design e motion design, a virada de chave na sua vida!","publisher":{"@id":"https:\/\/oskargroup.net\/curso\/#\/schema\/person\/b0ce3cc42b8df13e39f77bbe7c901b2c"},"potentialAction":[{"@type":"SearchAction","target":{"@type":"EntryPoint","urlTemplate":"https:\/\/oskargroup.net\/curso\/?s={search_term_string}"},"query-input":"required name=search_term_string"}],"inLanguage":"pt-BR"},{"@type":["Person","Organization"],"@id":"https:\/\/oskargroup.net\/curso\/#\/schema\/person\/b0ce3cc42b8df13e39f77bbe7c901b2c","name":"gatuinho","image":{"@type":"ImageObject","inLanguage":"pt-BR","@id":"https:\/\/oskargroup.net\/curso\/#\/schema\/person\/image\/","url":"https:\/\/oskargroup.net\/curso\/wp-content\/uploads\/2023\/12\/Logo-Oskar-2.png","contentUrl":"https:\/\/oskargroup.net\/curso\/wp-content\/uploads\/2023\/12\/Logo-Oskar-2.png","width":2048,"height":2048,"caption":"gatuinho"},"logo":{"@id":"https:\/\/oskargroup.net\/curso\/#\/schema\/person\/image\/"},"sameAs":["https:\/\/oskargroup.net\/curso"]}]}},"_links":{"self":[{"href":"https:\/\/oskargroup.net\/curso\/wp-json\/wp\/v2\/pages\/1881","targetHints":{"allow":["GET"]}}],"collection":[{"href":"https:\/\/oskargroup.net\/curso\/wp-json\/wp\/v2\/pages"}],"about":[{"href":"https:\/\/oskargroup.net\/curso\/wp-json\/wp\/v2\/types\/page"}],"author":[{"embeddable":true,"href":"https:\/\/oskargroup.net\/curso\/wp-json\/wp\/v2\/users\/1"}],"replies":[{"embeddable":true,"href":"https:\/\/oskargroup.net\/curso\/wp-json\/wp\/v2\/comments?post=1881"}],"version-history":[{"count":33,"href":"https:\/\/oskargroup.net\/curso\/wp-json\/wp\/v2\/pages\/1881\/revisions"}],"predecessor-version":[{"id":2693,"href":"https:\/\/oskargroup.net\/curso\/wp-json\/wp\/v2\/pages\/1881\/revisions\/2693"}],"wp:attachment":[{"href":"https:\/\/oskargroup.net\/curso\/wp-json\/wp\/v2\/media?parent=1881"}],"curies":[{"name":"wp","href":"https:\/\/api.w.org\/{rel}","templated":true}]}}